{"id":376,"date":"2020-09-05T14:33:54","date_gmt":"2020-09-05T12:33:54","guid":{"rendered":"https:\/\/www.bigdaybeauty.hu\/?page_id=376"},"modified":"2020-09-05T14:35:27","modified_gmt":"2020-09-05T12:35:27","slug":"cookies","status":"publish","type":"page","link":"https:\/\/www.bigdaybeauty.hu\/en\/cookies\/","title":{"rendered":"Cookies"},"content":{"rendered":"<div data-elementor-type=\"wp-page\" data-elementor-id=\"376\" class=\"elementor elementor-376\" data-elementor-post-type=\"page\">\n\t\t\t\t\t\t<section class=\"elementor-section elementor-top-section elementor-element elementor-element-337581f0 elementor-section-boxed elementor-section-height-default elementor-section-height-default\" data-id=\"337581f0\" data-element_type=\"section\" data-e-type=\"section\">\n\t\t\t\t\t\t<div class=\"elementor-container elementor-column-gap-default\">\n\t\t\t\t\t<div class=\"elementor-column elementor-col-100 elementor-top-column elementor-element elementor-element-3cda14df\" data-id=\"3cda14df\" data-element_type=\"column\" data-e-type=\"column\">\n\t\t\t<div class=\"elementor-widget-wrap elementor-element-populated\">\n\t\t\t\t\t\t<div class=\"elementor-element elementor-element-1c2c45a5 elementor-widget elementor-widget-heading\" data-id=\"1c2c45a5\" data-element_type=\"widget\" data-e-type=\"widget\" data-widget_type=\"heading.default\">\n\t\t\t\t<div class=\"elementor-widget-container\">\n\t\t\t\t\t<h1 class=\"elementor-heading-title elementor-size-default\">COOKIE STATEMENT<\/h1>\t\t\t\t<\/div>\n\t\t\t\t<\/div>\n\t\t\t\t<div class=\"elementor-element elementor-element-98bf1ca elementor-widget elementor-widget-text-editor\" data-id=\"98bf1ca\" data-element_type=\"widget\" data-e-type=\"widget\" data-widget_type=\"text-editor.default\">\n\t\t\t\t<div class=\"elementor-widget-container\">\n\t\t\t\t\t\t\t\t\t<p>All rights reserved: www.bigdaybeauty.hu<\/p>\t\t\t\t\t\t\t\t<\/div>\n\t\t\t\t<\/div>\n\t\t\t\t<div class=\"elementor-element elementor-element-6f82e6b9 elementor-widget elementor-widget-text-editor\" data-id=\"6f82e6b9\" data-element_type=\"widget\" data-e-type=\"widget\" data-widget_type=\"text-editor.default\">\n\t\t\t\t<div class=\"elementor-widget-container\">\n\t\t\t\t\t\t\t\t\t<p><strong>EFFECTIVE: 1 August 2020.<\/strong><\/p><ol><li><strong> WHAT ARE COOKIES AND HOW CAN YOU CHANGE THE SETTINGS?<\/strong><\/li><\/ol><p>Cookies are small text files that a website can use to make your user experience more effective.<\/p><p>Some \"cookies\" are temporary and disappear when the browser is closed, while there are also permanent versions that remain on your computer for a longer period of time. According to the law, we may store cookies on a visitor's device only if it is strictly necessary for the functioning of our website.<\/p><p>We need the visitor's permission to use all other types of cookies. This website uses various cookies. Some cookies that appear on this website are placed by our third party service providers.<\/p><p>Browsers give you the option to change your cookie settings. Most browsers automatically accept cookies by default, but this can be changed to prevent automatic acceptance once set.<\/p><p>To find out more about changing your browser settings, check your browser instructions or help. To find out about cookie settings for the most popular browsers, see the links below:<\/p><p><a href=\"https:\/\/support.google.com\/accounts\/answer\/61416?hl=hu\">Google Chrome<\/a><\/p><p><a href=\"https:\/\/support.mozilla.org\/hu\/kb\/S%C3%BCtik%20kezel%C3%A9se\">Firefox<\/a><\/p><p><a href=\"http:\/\/windows.microsoft.com\/hu-hu\/internet-explorer\/delete-manage-cookies#ie=ie-11\">Microsoft Internet Explorer 11<\/a><\/p><p><a href=\"http:\/\/windows.microsoft.com\/hu-hu\/internet-explorer\/delete-manage-cookies#ie=ie-10\">Microsoft Internet Explorer 10<\/a><\/p><p><a href=\"http:\/\/windows.microsoft.com\/hu-hu\/windows-10\/edge-privacy-faq\">Microsoft Edge<\/a><\/p><p><a href=\"http:\/\/support.apple.com\/kb\/index?page=search&amp;q=cookies%20safari\">Safari<\/a><\/p><ol start=\"2\"><li><strong> WHERE IS INFORMATION AND CONSENT TO COOKIE HANDLING GIVEN?<\/strong><\/li><\/ol><p>When you visit our website for the first time, a pop-up window will appear at the top of the screen and you will be able to choose which cookies you consent to.<\/p><p>This information window also contains a link to this Privacy Statement.<\/p><ol start=\"3\"><li><strong> TYPES OF CUSTOMS<\/strong><\/li><\/ol><p><strong>3.1. Essential cookies<\/strong><\/p><p>Essential cookies help make our website more usable by enabling basic functions such as site navigation and access to secure areas of the website.\u00a0<\/p><p>The website cannot function properly without these cookies.<\/p><ul><li>PHPSESSID Keeps the user session state between page requests until browser is closed<\/li><li>CookieConsent Stores the user's cookie policy on the given domain. 1 year<\/li><\/ul><ul><li>__cfduid The Cloudflare content server identifies web traffic. 1 year<\/li><li>JSESSIONID Assigns a unique, anonymous identifier to each page open to improve the usability of the page until the browser is closed<\/li><\/ul><p><strong>3.2. Preferential cookies<\/strong><\/p><p>Preferential cookies allow us to remember information that changes the way a website behaves or looks, for example, your preferred language or the region you are in.<\/p><p><strong>3.3. Cookies for statistical purposes<\/strong><\/p><p>By collecting and reporting data in an anonymous form, statistical cookies help the website owner to understand how visitors interact with the website.<\/p><ul><li>_ga Captures a unique identifier to generate anonymous statistical data on the use of the website 2 years<\/li><li>_gid Captures a unique identifier to generate anonymous statistical data about the use of the website 2 years<\/li><li>_gat Google Analytics uses Google Analytics to control the frequency of queries. until browser close<\/li><li>collect Collects data for Google Analytics about the user's device and browsing habits, across different devices and marketing channels, until the browser is closed.<\/li><\/ul><p><strong>3.4. Cookies for marketing purposes<\/strong><\/p><p>We use personalised cookies to track visitors' website activity. The goal is to serve the most relevant ads to individual users, display content that matches their preferences and encourage them to be active.<\/p><ul><li>pref Captures a unique identifier, which Google uses to generate statistics about the videos the user has viewed on YouTube. 8 months<\/li><\/ul><ol start=\"4\"><li><strong> CHECK AND DISABLE COOKIE SETTINGS<\/strong><\/li><\/ol><p>Modern browsers allow you to change the \"cookie settings\". Some browsers automatically accept \"cookies\" by default, but this setting can be changed to prevent automatic acceptance in the future.<\/p><p>If you switch, the browser will offer you the option to \"set cookies\" each time you do so.<\/p><p>The Data Controller will not remember any identifiers or passwords even if \"cookies\" are enabled. The visitor can use the services in complete safety even if he accepts \"cookies\".<\/p><p>Please note that since the purpose of \"cookies\" is to support and facilitate the usability and processes of the website, we cannot guarantee that a visitor will be able to use all the functions of the website to their full extent if \"cookies\" are disabled.<\/p><p>The website may then function differently than intended in the browser.<\/p>\t\t\t\t\t\t\t\t<\/div>\n\t\t\t\t<\/div>\n\t\t\t\t\t<\/div>\n\t\t<\/div>\n\t\t\t\t\t<\/div>\n\t\t<\/section>\n\t\t\t\t<\/div>","protected":false},"excerpt":{"rendered":"<p>COOKIE NYILATKOZAT Minden jog fenntartva: www.bigdaybeauty.hu HAT\u00c1LYOS: 2020. augusztus 1. MIK AZOK A COOKIE-K (S\u00dcTIK), \u00c9S HOGYAN TUDOD M\u00d3DOS\u00cdTANI A BE\u00c1LL\u00cdT\u00c1SOKAT? A \u201ecookie\u201d-k (tov\u00e1bbiakban: \u201ecookie\u201d vagy \u201es\u00fcti\u201d) olyan kis sz\u00f6veges f\u00e1jlok, amelyeket egy weboldal felhaszn\u00e1lhat arra, hogy m\u00e9g hat\u00e9konyabb\u00e1 tegye a felhaszn\u00e1l\u00f3i \u00e9lm\u00e9nyt. N\u00e9h\u00e1ny \u201cs\u00fcti\u201d csak \u00e1tmeneti \u00e9s elt\u0171nik a b\u00f6ng\u00e9sz\u0151 bez\u00e1r\u00e1s\u00e1val, m\u00edg l\u00e9teznek tart\u00f3s [&hellip;]<\/p>\n","protected":false},"author":2,"featured_media":0,"parent":0,"menu_order":0,"comment_status":"closed","ping_status":"closed","template":"elementor_header_footer","meta":{"footnotes":""},"class_list":["post-376","page","type-page","status-publish","hentry","entry"],"yoast_head":"<!-- This site is optimized with the Yoast SEO Premium plugin v27.3 (Yoast SEO v27.3) - https:\/\/yoast.com\/product\/yoast-seo-premium-wordpress\/ -->\n<title>Cookies - www.bigdaybeauty.hu<\/title>\n<meta name=\"robots\" content=\"index, follow, max-snippet:-1, max-image-preview:large, max-video-preview:-1\" \/>\n<link rel=\"canonical\" href=\"https:\/\/www.bigdaybeauty.hu\/en\/cookies\/\" \/>\n<meta property=\"og:locale\" content=\"en_GB\" \/>\n<meta property=\"og:type\" content=\"article\" \/>\n<meta property=\"og:title\" content=\"Cookies\" \/>\n<meta property=\"og:description\" content=\"COOKIE NYILATKOZAT Minden jog fenntartva: www.bigdaybeauty.hu HAT\u00c1LYOS: 2020. augusztus 1. MIK AZOK A COOKIE-K (S\u00dcTIK), \u00c9S HOGYAN TUDOD M\u00d3DOS\u00cdTANI A BE\u00c1LL\u00cdT\u00c1SOKAT? A \u201ecookie\u201d-k (tov\u00e1bbiakban: \u201ecookie\u201d vagy \u201es\u00fcti\u201d) olyan kis sz\u00f6veges f\u00e1jlok, amelyeket egy weboldal felhaszn\u00e1lhat arra, hogy m\u00e9g hat\u00e9konyabb\u00e1 tegye a felhaszn\u00e1l\u00f3i \u00e9lm\u00e9nyt. N\u00e9h\u00e1ny \u201cs\u00fcti\u201d csak \u00e1tmeneti \u00e9s elt\u0171nik a b\u00f6ng\u00e9sz\u0151 bez\u00e1r\u00e1s\u00e1val, m\u00edg l\u00e9teznek tart\u00f3s [&hellip;]\" \/>\n<meta property=\"og:url\" content=\"https:\/\/www.bigdaybeauty.hu\/en\/cookies\/\" \/>\n<meta property=\"og:site_name\" content=\"www.bigdaybeauty.hu\" \/>\n<meta property=\"article:publisher\" content=\"https:\/\/www.facebook.com\/bigdaybeautymakeup\" \/>\n<meta property=\"article:modified_time\" content=\"2020-09-05T12:35:27+00:00\" \/>\n<meta property=\"og:image\" content=\"https:\/\/www.bigdaybeauty.hu\/wp-content\/uploads\/2020\/09\/logo_white.jpg\" \/>\n\t<meta property=\"og:image:width\" content=\"500\" \/>\n\t<meta property=\"og:image:height\" content=\"500\" \/>\n\t<meta property=\"og:image:type\" content=\"image\/jpeg\" \/>\n<meta name=\"twitter:card\" content=\"summary_large_image\" \/>\n<meta name=\"twitter:label1\" content=\"Estimated reading time\" \/>\n\t<meta name=\"twitter:data1\" content=\"5 minutes\" \/>\n<script type=\"application\/ld+json\" class=\"yoast-schema-graph\">{\"@context\":\"https:\\\/\\\/schema.org\",\"@graph\":[{\"@type\":\"WebPage\",\"@id\":\"https:\\\/\\\/www.bigdaybeauty.hu\\\/cookies\\\/\",\"url\":\"https:\\\/\\\/www.bigdaybeauty.hu\\\/cookies\\\/\",\"name\":\"Cookies - www.bigdaybeauty.hu\",\"isPartOf\":{\"@id\":\"https:\\\/\\\/www.bigdaybeauty.hu\\\/#website\"},\"datePublished\":\"2020-09-05T12:33:54+00:00\",\"dateModified\":\"2020-09-05T12:35:27+00:00\",\"breadcrumb\":{\"@id\":\"https:\\\/\\\/www.bigdaybeauty.hu\\\/cookies\\\/#breadcrumb\"},\"inLanguage\":\"en-GB\",\"potentialAction\":[{\"@type\":\"ReadAction\",\"target\":[\"https:\\\/\\\/www.bigdaybeauty.hu\\\/cookies\\\/\"]}]},{\"@type\":\"BreadcrumbList\",\"@id\":\"https:\\\/\\\/www.bigdaybeauty.hu\\\/cookies\\\/#breadcrumb\",\"itemListElement\":[{\"@type\":\"ListItem\",\"position\":1,\"name\":\"Home\",\"item\":\"https:\\\/\\\/www.bigdaybeauty.hu\\\/\"},{\"@type\":\"ListItem\",\"position\":2,\"name\":\"Cookies\"}]},{\"@type\":\"WebSite\",\"@id\":\"https:\\\/\\\/www.bigdaybeauty.hu\\\/#website\",\"url\":\"https:\\\/\\\/www.bigdaybeauty.hu\\\/\",\"name\":\"www.bigdaybeauty.hu\",\"description\":\"Makeup &amp; hair - Csige Zs\u00f3fia\",\"publisher\":{\"@id\":\"https:\\\/\\\/www.bigdaybeauty.hu\\\/#organization\"},\"potentialAction\":[{\"@type\":\"SearchAction\",\"target\":{\"@type\":\"EntryPoint\",\"urlTemplate\":\"https:\\\/\\\/www.bigdaybeauty.hu\\\/?s={search_term_string}\"},\"query-input\":{\"@type\":\"PropertyValueSpecification\",\"valueRequired\":true,\"valueName\":\"search_term_string\"}}],\"inLanguage\":\"en-GB\"},{\"@type\":\"Organization\",\"@id\":\"https:\\\/\\\/www.bigdaybeauty.hu\\\/#organization\",\"name\":\"Bigdaybeauty\",\"url\":\"https:\\\/\\\/www.bigdaybeauty.hu\\\/\",\"logo\":{\"@type\":\"ImageObject\",\"inLanguage\":\"en-GB\",\"@id\":\"https:\\\/\\\/www.bigdaybeauty.hu\\\/#\\\/schema\\\/logo\\\/image\\\/\",\"url\":\"https:\\\/\\\/www.bigdaybeauty.hu\\\/wp-content\\\/uploads\\\/2020\\\/08\\\/BigdayBeauty-Transparent-1.png\",\"contentUrl\":\"https:\\\/\\\/www.bigdaybeauty.hu\\\/wp-content\\\/uploads\\\/2020\\\/08\\\/BigdayBeauty-Transparent-1.png\",\"width\":2000,\"height\":2000,\"caption\":\"Bigdaybeauty\"},\"image\":{\"@id\":\"https:\\\/\\\/www.bigdaybeauty.hu\\\/#\\\/schema\\\/logo\\\/image\\\/\"},\"sameAs\":[\"https:\\\/\\\/www.facebook.com\\\/bigdaybeautymakeup\",\"https:\\\/\\\/www.instagram.com\\\/bigdaybeautymakeup\\\/\"]}]}<\/script>\n<!-- \/ Yoast SEO Premium plugin. -->","yoast_head_json":{"title":"Cookies - www.bigdaybeauty.hu","robots":{"index":"index","follow":"follow","max-snippet":"max-snippet:-1","max-image-preview":"max-image-preview:large","max-video-preview":"max-video-preview:-1"},"canonical":"https:\/\/www.bigdaybeauty.hu\/en\/cookies\/","og_locale":"en_GB","og_type":"article","og_title":"Cookies","og_description":"COOKIE NYILATKOZAT Minden jog fenntartva: www.bigdaybeauty.hu HAT\u00c1LYOS: 2020. augusztus 1. MIK AZOK A COOKIE-K (S\u00dcTIK), \u00c9S HOGYAN TUDOD M\u00d3DOS\u00cdTANI A BE\u00c1LL\u00cdT\u00c1SOKAT? A \u201ecookie\u201d-k (tov\u00e1bbiakban: \u201ecookie\u201d vagy \u201es\u00fcti\u201d) olyan kis sz\u00f6veges f\u00e1jlok, amelyeket egy weboldal felhaszn\u00e1lhat arra, hogy m\u00e9g hat\u00e9konyabb\u00e1 tegye a felhaszn\u00e1l\u00f3i \u00e9lm\u00e9nyt. N\u00e9h\u00e1ny \u201cs\u00fcti\u201d csak \u00e1tmeneti \u00e9s elt\u0171nik a b\u00f6ng\u00e9sz\u0151 bez\u00e1r\u00e1s\u00e1val, m\u00edg l\u00e9teznek tart\u00f3s [&hellip;]","og_url":"https:\/\/www.bigdaybeauty.hu\/en\/cookies\/","og_site_name":"www.bigdaybeauty.hu","article_publisher":"https:\/\/www.facebook.com\/bigdaybeautymakeup","article_modified_time":"2020-09-05T12:35:27+00:00","og_image":[{"width":500,"height":500,"url":"https:\/\/www.bigdaybeauty.hu\/wp-content\/uploads\/2020\/09\/logo_white.jpg","type":"image\/jpeg"}],"twitter_card":"summary_large_image","twitter_misc":{"Estimated reading time":"5 minutes"},"schema":{"@context":"https:\/\/schema.org","@graph":[{"@type":"WebPage","@id":"https:\/\/www.bigdaybeauty.hu\/cookies\/","url":"https:\/\/www.bigdaybeauty.hu\/cookies\/","name":"Cookies - www.bigdaybeauty.hu","isPartOf":{"@id":"https:\/\/www.bigdaybeauty.hu\/#website"},"datePublished":"2020-09-05T12:33:54+00:00","dateModified":"2020-09-05T12:35:27+00:00","breadcrumb":{"@id":"https:\/\/www.bigdaybeauty.hu\/cookies\/#breadcrumb"},"inLanguage":"en-GB","potentialAction":[{"@type":"ReadAction","target":["https:\/\/www.bigdaybeauty.hu\/cookies\/"]}]},{"@type":"BreadcrumbList","@id":"https:\/\/www.bigdaybeauty.hu\/cookies\/#breadcrumb","itemListElement":[{"@type":"ListItem","position":1,"name":"Home","item":"https:\/\/www.bigdaybeauty.hu\/"},{"@type":"ListItem","position":2,"name":"Cookies"}]},{"@type":"WebSite","@id":"https:\/\/www.bigdaybeauty.hu\/#website","url":"https:\/\/www.bigdaybeauty.hu\/","name":"www.bigdaybeauty.hu","description":"Makeup &amp; hair - Zs\u00f3fia Csige","publisher":{"@id":"https:\/\/www.bigdaybeauty.hu\/#organization"},"potentialAction":[{"@type":"SearchAction","target":{"@type":"EntryPoint","urlTemplate":"https:\/\/www.bigdaybeauty.hu\/?s={search_term_string}"},"query-input":{"@type":"PropertyValueSpecification","valueRequired":true,"valueName":"search_term_string"}}],"inLanguage":"en-GB"},{"@type":"Organization","@id":"https:\/\/www.bigdaybeauty.hu\/#organization","name":"Bigdaybeauty","url":"https:\/\/www.bigdaybeauty.hu\/","logo":{"@type":"ImageObject","inLanguage":"en-GB","@id":"https:\/\/www.bigdaybeauty.hu\/#\/schema\/logo\/image\/","url":"https:\/\/www.bigdaybeauty.hu\/wp-content\/uploads\/2020\/08\/BigdayBeauty-Transparent-1.png","contentUrl":"https:\/\/www.bigdaybeauty.hu\/wp-content\/uploads\/2020\/08\/BigdayBeauty-Transparent-1.png","width":2000,"height":2000,"caption":"Bigdaybeauty"},"image":{"@id":"https:\/\/www.bigdaybeauty.hu\/#\/schema\/logo\/image\/"},"sameAs":["https:\/\/www.facebook.com\/bigdaybeautymakeup","https:\/\/www.instagram.com\/bigdaybeautymakeup\/"]}]}},"_links":{"self":[{"href":"https:\/\/www.bigdaybeauty.hu\/en\/wp-json\/wp\/v2\/pages\/376","targetHints":{"allow":["GET"]}}],"collection":[{"href":"https:\/\/www.bigdaybeauty.hu\/en\/wp-json\/wp\/v2\/pages"}],"about":[{"href":"https:\/\/www.bigdaybeauty.hu\/en\/wp-json\/wp\/v2\/types\/page"}],"author":[{"embeddable":true,"href":"https:\/\/www.bigdaybeauty.hu\/en\/wp-json\/wp\/v2\/users\/2"}],"replies":[{"embeddable":true,"href":"https:\/\/www.bigdaybeauty.hu\/en\/wp-json\/wp\/v2\/comments?post=376"}],"version-history":[{"count":0,"href":"https:\/\/www.bigdaybeauty.hu\/en\/wp-json\/wp\/v2\/pages\/376\/revisions"}],"wp:attachment":[{"href":"https:\/\/www.bigdaybeauty.hu\/en\/wp-json\/wp\/v2\/media?parent=376"}],"curies":[{"name":"wp","href":"https:\/\/api.w.org\/{rel}","templated":true}]}}