{"id":164,"date":"2020-09-02T11:43:23","date_gmt":"2020-09-02T09:43:23","guid":{"rendered":"https:\/\/www.bigdaybeauty.hu\/?page_id=164"},"modified":"2025-05-27T11:19:36","modified_gmt":"2025-05-27T09:19:36","slug":"kapcsolat","status":"publish","type":"page","link":"https:\/\/www.bigdaybeauty.hu\/en\/kapcsolat\/","title":{"rendered":"Contact"},"content":{"rendered":"\t\t<div data-elementor-type=\"wp-page\" data-elementor-id=\"164\" class=\"elementor elementor-164\" data-elementor-post-type=\"page\">\n\t\t\t\t\t\t<section class=\"elementor-section elementor-top-section elementor-element elementor-element-467173b4 animated-slow elementor-section-boxed elementor-section-height-default elementor-section-height-default elementor-invisible\" data-id=\"467173b4\" data-element_type=\"section\" data-e-type=\"section\" data-settings=\"{&quot;background_background&quot;:&quot;classic&quot;,&quot;animation&quot;:&quot;fadeIn&quot;,&quot;background_motion_fx_motion_fx_scrolling&quot;:&quot;yes&quot;,&quot;background_motion_fx_translateY_effect&quot;:&quot;yes&quot;,&quot;background_motion_fx_translateY_speed&quot;:{&quot;unit&quot;:&quot;px&quot;,&quot;size&quot;:1,&quot;sizes&quot;:[]},&quot;background_motion_fx_devices&quot;:[&quot;desktop&quot;],&quot;background_motion_fx_translateY_affectedRange&quot;:{&quot;unit&quot;:&quot;%&quot;,&quot;size&quot;:&quot;&quot;,&quot;sizes&quot;:{&quot;start&quot;:0,&quot;end&quot;:100}}}\">\n\t\t\t\t\t\t<div class=\"elementor-container elementor-column-gap-default\">\n\t\t\t\t\t<div class=\"elementor-column elementor-col-100 elementor-top-column elementor-element elementor-element-2ce44e3e\" data-id=\"2ce44e3e\" data-element_type=\"column\" data-e-type=\"column\" data-settings=\"{&quot;motion_fx_motion_fx_scrolling&quot;:&quot;yes&quot;,&quot;motion_fx_translateY_effect&quot;:&quot;yes&quot;,&quot;motion_fx_translateY_speed&quot;:{&quot;unit&quot;:&quot;px&quot;,&quot;size&quot;:0.90000000000000002220446049250313080847263336181640625,&quot;sizes&quot;:[]},&quot;motion_fx_devices&quot;:[&quot;desktop&quot;,&quot;tablet&quot;],&quot;motion_fx_translateY_affectedRange&quot;:{&quot;unit&quot;:&quot;%&quot;,&quot;size&quot;:&quot;&quot;,&quot;sizes&quot;:{&quot;start&quot;:0,&quot;end&quot;:100}}}\">\n\t\t\t<div class=\"elementor-widget-wrap elementor-element-populated\">\n\t\t\t\t\t\t<div class=\"elementor-element elementor-element-1d71a7ad animated-slow elementor-invisible elementor-widget elementor-widget-heading\" data-id=\"1d71a7ad\" data-element_type=\"widget\" data-e-type=\"widget\" data-settings=\"{&quot;_animation&quot;:&quot;slideInUp&quot;,&quot;_animation_mobile&quot;:&quot;fadeIn&quot;}\" data-widget_type=\"heading.default\">\n\t\t\t\t<div class=\"elementor-widget-container\">\n\t\t\t\t\t<h1 class=\"elementor-heading-title elementor-size-default\">Kapcsolat<\/h1>\t\t\t\t<\/div>\n\t\t\t\t<\/div>\n\t\t\t\t<div class=\"elementor-element elementor-element-5a6089e3 animated-slow elementor-invisible elementor-widget elementor-widget-heading\" data-id=\"5a6089e3\" data-element_type=\"widget\" data-e-type=\"widget\" data-settings=\"{&quot;_animation&quot;:&quot;slideInUp&quot;,&quot;_animation_delay&quot;:200,&quot;_animation_mobile&quot;:&quot;fadeIn&quot;}\" data-widget_type=\"heading.default\">\n\t\t\t\t<div class=\"elementor-widget-container\">\n\t\t\t\t\t<h3 class=\"elementor-heading-title elementor-size-default\">Egyeztess velem id\u0151pontot vagy tedd fel a k\u00e9rd\u00e9seidet!<\/h3>\t\t\t\t<\/div>\n\t\t\t\t<\/div>\n\t\t\t\t\t<\/div>\n\t\t<\/div>\n\t\t\t\t\t<\/div>\n\t\t<\/section>\n\t\t\t\t<section class=\"elementor-section elementor-top-section elementor-element elementor-element-edd298c elementor-section-boxed elementor-section-height-default elementor-section-height-default elementor-invisible\" data-id=\"edd298c\" data-element_type=\"section\" data-e-type=\"section\" data-settings=\"{&quot;background_background&quot;:&quot;classic&quot;,&quot;animation&quot;:&quot;fadeIn&quot;}\">\n\t\t\t\t\t\t<div class=\"elementor-container elementor-column-gap-default\">\n\t\t\t\t\t<div class=\"elementor-column elementor-col-50 elementor-top-column elementor-element elementor-element-4c834145\" data-id=\"4c834145\" data-element_type=\"column\" data-e-type=\"column\">\n\t\t\t<div class=\"elementor-widget-wrap elementor-element-populated\">\n\t\t\t\t\t\t<div class=\"elementor-element elementor-element-ffa38ad animated-slow elementor-invisible elementor-widget elementor-widget-heading\" data-id=\"ffa38ad\" data-element_type=\"widget\" data-e-type=\"widget\" data-settings=\"{&quot;_animation&quot;:&quot;slideInUp&quot;,&quot;_animation_mobile&quot;:&quot;fadeIn&quot;}\" data-widget_type=\"heading.default\">\n\t\t\t\t<div class=\"elementor-widget-container\">\n\t\t\t\t\t<h2 class=\"elementor-heading-title elementor-size-default\">Egyeztess velem id\u0151pontot a <b>+36 20 279 6274<\/b> -es sz\u00e1mon, vagy \u00edrj \u00fczenetet az al\u00e1bbi \u0171rlapon kereszt\u00fcl!<\/h2>\t\t\t\t<\/div>\n\t\t\t\t<\/div>\n\t\t\t\t<div class=\"elementor-element elementor-element-4f8adefa animated-slow elementor-invisible elementor-widget elementor-widget-heading\" data-id=\"4f8adefa\" data-element_type=\"widget\" data-e-type=\"widget\" data-settings=\"{&quot;_animation&quot;:&quot;slideInUp&quot;,&quot;_animation_mobile&quot;:&quot;fadeIn&quot;}\" data-widget_type=\"heading.default\">\n\t\t\t\t<div class=\"elementor-widget-container\">\n\t\t\t\t\t<h2 class=\"elementor-heading-title elementor-size-default\">\u00dczenetk\u00fcld\u00e9s<\/h2>\t\t\t\t<\/div>\n\t\t\t\t<\/div>\n\t\t\t\t<div class=\"elementor-element elementor-element-886f901 animated-slow elementor-invisible elementor-widget elementor-widget-heading\" data-id=\"886f901\" data-element_type=\"widget\" data-e-type=\"widget\" data-settings=\"{&quot;_animation&quot;:&quot;slideInUp&quot;,&quot;_animation_delay&quot;:200,&quot;_animation_mobile&quot;:&quot;fadeIn&quot;}\" data-widget_type=\"heading.default\">\n\t\t\t\t<div class=\"elementor-widget-container\">\n\t\t\t\t\t<h3 class=\"elementor-heading-title elementor-size-default\">T\u00f6ltsd ki az al\u00e1bbi \u0171rlapot, \u00e9s a lehet\u0151 leggyorsabb m\u00f3don felveszem veled a kapcsolatot!<\/h3>\t\t\t\t<\/div>\n\t\t\t\t<\/div>\n\t\t\t\t<div class=\"elementor-element elementor-element-6c9486c6 elementor-button-align-center animated-slow elementor-invisible elementor-widget elementor-widget-form\" data-id=\"6c9486c6\" data-element_type=\"widget\" data-e-type=\"widget\" data-settings=\"{&quot;_animation&quot;:&quot;fadeIn&quot;,&quot;_animation_delay&quot;:200,&quot;step_next_label&quot;:&quot;K\\u00f6vetkez\\u0151&quot;,&quot;step_previous_label&quot;:&quot;El\\u0151z\\u0151&quot;,&quot;button_width&quot;:&quot;100&quot;,&quot;step_type&quot;:&quot;number_text&quot;,&quot;step_icon_shape&quot;:&quot;circle&quot;}\" data-widget_type=\"form.default\">\n\t\t\t\t<div class=\"elementor-widget-container\">\n\t\t\t\t\t\t\t<form class=\"elementor-form\" method=\"post\" name=\"New Form\" aria-label=\"New Form\">\n\t\t\t<input type=\"hidden\" name=\"post_id\" value=\"164\"\/>\n\t\t\t<input type=\"hidden\" name=\"form_id\" value=\"6c9486c6\"\/>\n\t\t\t<input type=\"hidden\" name=\"referer_title\" value=\"Kapcsolat - www.bigdaybeauty.hu\" \/>\n\n\t\t\t\t\t\t\t<input type=\"hidden\" name=\"queried_id\" value=\"164\"\/>\n\t\t\t\n\t\t\t<div class=\"elementor-form-fields-wrapper elementor-labels-\">\n\t\t\t\t\t\t\t\t<div class=\"elementor-field-type-text elementor-field-group elementor-column elementor-field-group-name elementor-col-100\">\n\t\t\t\t\t\t\t\t\t\t\t\t<label for=\"form-field-name\" class=\"elementor-field-label elementor-screen-only\">\n\t\t\t\t\t\t\t\tName\t\t\t\t\t\t\t<\/label>\n\t\t\t\t\t\t\t\t\t\t\t\t\t\t<input size=\"1\" type=\"text\" name=\"form_fields[name]\" id=\"form-field-name\" class=\"elementor-field elementor-size-md  elementor-field-textual\" placeholder=\"Hogyan sz\u00f3l\u00edthatlak?\">\n\t\t\t\t\t\t\t\t\t\t\t<\/div>\n\t\t\t\t\t\t\t\t<div class=\"elementor-field-type-email elementor-field-group elementor-column elementor-field-group-email elementor-col-50 elementor-field-required\">\n\t\t\t\t\t\t\t\t\t\t\t\t<label for=\"form-field-email\" class=\"elementor-field-label elementor-screen-only\">\n\t\t\t\t\t\t\t\tEmail\t\t\t\t\t\t\t<\/label>\n\t\t\t\t\t\t\t\t\t\t\t\t\t\t<input size=\"1\" type=\"email\" name=\"form_fields[email]\" id=\"form-field-email\" class=\"elementor-field elementor-size-md  elementor-field-textual\" placeholder=\"Milyen e-mail c\u00edmen \u00e9rlek el?\" required=\"required\">\n\t\t\t\t\t\t\t\t\t\t\t<\/div>\n\t\t\t\t\t\t\t\t<div class=\"elementor-field-type-tel elementor-field-group elementor-column elementor-field-group-field_ca96722 elementor-col-50 elementor-field-required\">\n\t\t\t\t\t\t\t\t\t\t\t\t<label for=\"form-field-field_ca96722\" class=\"elementor-field-label elementor-screen-only\">\n\t\t\t\t\t\t\t\tTelefon\t\t\t\t\t\t\t<\/label>\n\t\t\t\t\t\t\t\t<input size=\"1\" type=\"tel\" name=\"form_fields[field_ca96722]\" id=\"form-field-field_ca96722\" class=\"elementor-field elementor-size-md  elementor-field-textual\" placeholder=\"Mi a telefonsz\u00e1mod?\" required=\"required\" pattern=\"[0-9()#&amp;+*-=.]+\" title=\"Csak a sz\u00e1mok \u00e9s a telefonkarakterek (#, -, * stb.) fogadhat\u00f3k el.\">\n\n\t\t\t\t\t\t<\/div>\n\t\t\t\t\t\t\t\t<div class=\"elementor-field-type-textarea elementor-field-group elementor-column elementor-field-group-message elementor-col-100\">\n\t\t\t\t\t\t\t\t\t\t\t\t<label for=\"form-field-message\" class=\"elementor-field-label elementor-screen-only\">\n\t\t\t\t\t\t\t\tMessage\t\t\t\t\t\t\t<\/label>\n\t\t\t\t\t\t<textarea class=\"elementor-field-textual elementor-field  elementor-size-md\" name=\"form_fields[message]\" id=\"form-field-message\" rows=\"2\" placeholder=\"Miben seg\u00edthetek neked?\"><\/textarea>\t\t\t\t<\/div>\n\t\t\t\t\t\t\t\t<div class=\"elementor-field-type-acceptance elementor-field-group elementor-column elementor-field-group-field_e03a485 elementor-col-100 elementor-field-required\">\n\t\t\t\t\t\t\t<div class=\"elementor-field-subgroup\">\n\t\t\t<span class=\"elementor-field-option\">\n\t\t\t\t<input type=\"checkbox\" name=\"form_fields[field_e03a485]\" id=\"form-field-field_e03a485\" class=\"elementor-field elementor-size-md  elementor-acceptance-field\" required=\"required\">\n\t\t\t\t<label for=\"form-field-field_e03a485\">Az \u00fczenet elk\u00fcld\u00e9s\u00e9vel elfogadom az <a href=\"\/adatvedelem\" target=\"_blank\">Adatv\u00e9delmi nyilatkozat<\/a>ot.<\/label>\t\t\t<\/span>\n\t\t<\/div>\n\t\t\t\t\t\t<\/div>\n\t\t\t\t\t\t\t\t<div class=\"elementor-field-group elementor-column elementor-field-type-submit elementor-col-100 e-form__buttons\">\n\t\t\t\t\t<button class=\"elementor-button elementor-size-sm\" type=\"submit\">\n\t\t\t\t\t\t<span class=\"elementor-button-content-wrapper\">\n\t\t\t\t\t\t\t\t\t\t\t\t\t\t\t\t\t\t\t\t\t\t<span class=\"elementor-button-text\">\u00dczenet elk\u00fcld\u00e9se!<\/span>\n\t\t\t\t\t\t\t\t\t\t\t\t\t<\/span>\n\t\t\t\t\t<\/button>\n\t\t\t\t<\/div>\n\t\t\t<\/div>\n\t\t<\/form>\n\t\t\t\t\t\t<\/div>\n\t\t\t\t<\/div>\n\t\t\t\t<div class=\"elementor-element elementor-element-5d5bd25 animated-slow elementor-invisible elementor-widget elementor-widget-heading\" data-id=\"5d5bd25\" data-element_type=\"widget\" data-e-type=\"widget\" data-settings=\"{&quot;_animation&quot;:&quot;slideInUp&quot;,&quot;_animation_mobile&quot;:&quot;fadeIn&quot;}\" data-widget_type=\"heading.default\">\n\t\t\t\t<div class=\"elementor-widget-container\">\n\t\t\t\t\t<h2 class=\"elementor-heading-title elementor-size-default\">Keress a k\u00f6z\u00f6ss\u00e9gi m\u00e9di\u00e1ban is<\/h2>\t\t\t\t<\/div>\n\t\t\t\t<\/div>\n\t\t\t\t<section class=\"elementor-section elementor-inner-section elementor-element elementor-element-cb53d19 elementor-section-boxed elementor-section-height-default elementor-section-height-default\" data-id=\"cb53d19\" data-element_type=\"section\" data-e-type=\"section\">\n\t\t\t\t\t\t<div class=\"elementor-container elementor-column-gap-default\">\n\t\t\t\t\t<div class=\"elementor-column elementor-col-50 elementor-inner-column elementor-element elementor-element-1c12a17\" data-id=\"1c12a17\" data-element_type=\"column\" data-e-type=\"column\">\n\t\t\t<div class=\"elementor-widget-wrap elementor-element-populated\">\n\t\t\t\t\t\t<div class=\"elementor-element elementor-element-c29d076 elementor-widget elementor-widget-image\" data-id=\"c29d076\" data-element_type=\"widget\" data-e-type=\"widget\" data-widget_type=\"image.default\">\n\t\t\t\t<div class=\"elementor-widget-container\">\n\t\t\t\t\t\t\t\t\t\t\t\t\t\t\t\t<a href=\"https:\/\/www.facebook.com\/bigdaybeautymakeup\">\n\t\t\t\t\t\t\t<img fetchpriority=\"high\" decoding=\"async\" width=\"1024\" height=\"1024\" src=\"https:\/\/www.bigdaybeauty.hu\/wp-content\/uploads\/2020\/08\/facebook-1024x1024.png\" class=\"attachment-large size-large wp-image-477\" alt=\"\" srcset=\"https:\/\/www.bigdaybeauty.hu\/wp-content\/uploads\/2020\/08\/facebook-1024x1024.png 1024w, https:\/\/www.bigdaybeauty.hu\/wp-content\/uploads\/2020\/08\/facebook-300x300.png 300w, https:\/\/www.bigdaybeauty.hu\/wp-content\/uploads\/2020\/08\/facebook-150x150.png 150w, https:\/\/www.bigdaybeauty.hu\/wp-content\/uploads\/2020\/08\/facebook-768x768.png 768w, https:\/\/www.bigdaybeauty.hu\/wp-content\/uploads\/2020\/08\/facebook.png 1500w\" sizes=\"(max-width: 1024px) 100vw, 1024px\" \/>\t\t\t\t\t\t\t\t<\/a>\n\t\t\t\t\t\t\t\t\t\t\t\t\t\t\t<\/div>\n\t\t\t\t<\/div>\n\t\t\t\t\t<\/div>\n\t\t<\/div>\n\t\t\t\t<div class=\"elementor-column elementor-col-50 elementor-inner-column elementor-element elementor-element-be7d0f0\" data-id=\"be7d0f0\" data-element_type=\"column\" data-e-type=\"column\">\n\t\t\t<div class=\"elementor-widget-wrap elementor-element-populated\">\n\t\t\t\t\t\t<div class=\"elementor-element elementor-element-2a42ebf elementor-widget elementor-widget-image\" data-id=\"2a42ebf\" data-element_type=\"widget\" data-e-type=\"widget\" data-widget_type=\"image.default\">\n\t\t\t\t<div class=\"elementor-widget-container\">\n\t\t\t\t\t\t\t\t\t\t\t\t\t\t\t\t<a href=\"https:\/\/www.instagram.com\/bigdaybeautymakeup\/\">\n\t\t\t\t\t\t\t<img decoding=\"async\" width=\"1024\" height=\"1024\" src=\"https:\/\/www.bigdaybeauty.hu\/wp-content\/uploads\/2020\/08\/instagram-1024x1024.png\" class=\"attachment-large size-large wp-image-475\" alt=\"\" srcset=\"https:\/\/www.bigdaybeauty.hu\/wp-content\/uploads\/2020\/08\/instagram-1024x1024.png 1024w, https:\/\/www.bigdaybeauty.hu\/wp-content\/uploads\/2020\/08\/instagram-300x300.png 300w, https:\/\/www.bigdaybeauty.hu\/wp-content\/uploads\/2020\/08\/instagram-150x150.png 150w, https:\/\/www.bigdaybeauty.hu\/wp-content\/uploads\/2020\/08\/instagram-768x768.png 768w, https:\/\/www.bigdaybeauty.hu\/wp-content\/uploads\/2020\/08\/instagram.png 1500w\" sizes=\"(max-width: 1024px) 100vw, 1024px\" \/>\t\t\t\t\t\t\t\t<\/a>\n\t\t\t\t\t\t\t\t\t\t\t\t\t\t\t<\/div>\n\t\t\t\t<\/div>\n\t\t\t\t\t<\/div>\n\t\t<\/div>\n\t\t\t\t\t<\/div>\n\t\t<\/section>\n\t\t\t\t\t<\/div>\n\t\t<\/div>\n\t\t\t\t<div class=\"elementor-column elementor-col-50 elementor-top-column elementor-element elementor-element-2e2b8a1\" data-id=\"2e2b8a1\" data-element_type=\"column\" data-e-type=\"column\">\n\t\t\t<div class=\"elementor-widget-wrap elementor-element-populated\">\n\t\t\t\t\t\t<div class=\"elementor-element elementor-element-a97923e elementor-widget elementor-widget-image\" data-id=\"a97923e\" data-element_type=\"widget\" data-e-type=\"widget\" data-widget_type=\"image.default\">\n\t\t\t\t<div class=\"elementor-widget-container\">\n\t\t\t\t\t\t\t\t\t\t\t\t\t\t\t<img decoding=\"async\" width=\"681\" height=\"1024\" src=\"https:\/\/www.bigdaybeauty.hu\/wp-content\/uploads\/2020\/09\/E_B-0078-681x1024.jpg\" class=\"attachment-large size-large wp-image-174\" alt=\"\" srcset=\"https:\/\/www.bigdaybeauty.hu\/wp-content\/uploads\/2020\/09\/E_B-0078-681x1024.jpg 681w, https:\/\/www.bigdaybeauty.hu\/wp-content\/uploads\/2020\/09\/E_B-0078-200x300.jpg 200w, https:\/\/www.bigdaybeauty.hu\/wp-content\/uploads\/2020\/09\/E_B-0078-768x1154.jpg 768w, https:\/\/www.bigdaybeauty.hu\/wp-content\/uploads\/2020\/09\/E_B-0078-1022x1536.jpg 1022w, https:\/\/www.bigdaybeauty.hu\/wp-content\/uploads\/2020\/09\/E_B-0078-1363x2048.jpg 1363w, https:\/\/www.bigdaybeauty.hu\/wp-content\/uploads\/2020\/09\/E_B-0078-scaled.jpg 1703w\" sizes=\"(max-width: 681px) 100vw, 681px\" \/>\t\t\t\t\t\t\t\t\t\t\t\t\t\t\t<\/div>\n\t\t\t\t<\/div>\n\t\t\t\t\t<\/div>\n\t\t<\/div>\n\t\t\t\t\t<\/div>\n\t\t<\/section>\n\t\t\t\t<\/div>\n\t\t","protected":false},"excerpt":{"rendered":"<p>Kapcsolat Egyeztess velem id\u0151pontot vagy tedd fel a k\u00e9rd\u00e9seidet! Egyeztess velem id\u0151pontot a +36 20 279 6274 -es sz\u00e1mon, vagy \u00edrj \u00fczenetet az al\u00e1bbi \u0171rlapon kereszt\u00fcl! \u00dczenetk\u00fcld\u00e9s T\u00f6ltsd ki az al\u00e1bbi \u0171rlapot, \u00e9s a lehet\u0151 leggyorsabb m\u00f3don felveszem veled a kapcsolatot! Keress a k\u00f6z\u00f6ss\u00e9gi m\u00e9di\u00e1ban is<\/p>","protected":false},"author":2,"featured_media":0,"parent":0,"menu_order":0,"comment_status":"closed","ping_status":"closed","template":"elementor_header_footer","meta":{"footnotes":""},"class_list":["post-164","page","type-page","status-publish","hentry","entry"],"yoast_head":"<!-- This site is optimized with the Yoast SEO Premium plugin v27.3 (Yoast SEO v27.3) - https:\/\/yoast.com\/product\/yoast-seo-premium-wordpress\/ -->\n<title>Kapcsolat - www.bigdaybeauty.hu<\/title>\n<meta name=\"robots\" content=\"index, follow, max-snippet:-1, max-image-preview:large, max-video-preview:-1\" \/>\n<link rel=\"canonical\" href=\"https:\/\/www.bigdaybeauty.hu\/en\/kapcsolat\/\" \/>\n<meta property=\"og:locale\" content=\"en_GB\" \/>\n<meta property=\"og:type\" content=\"article\" \/>\n<meta property=\"og:title\" content=\"Kapcsolat\" \/>\n<meta property=\"og:description\" content=\"Kapcsolat Egyeztess velem id\u0151pontot vagy tedd fel a k\u00e9rd\u00e9seidet! Egyeztess velem id\u0151pontot a +36 20 279 6274 -es sz\u00e1mon, vagy \u00edrj \u00fczenetet az al\u00e1bbi \u0171rlapon kereszt\u00fcl! \u00dczenetk\u00fcld\u00e9s T\u00f6ltsd ki az al\u00e1bbi \u0171rlapot, \u00e9s a lehet\u0151 leggyorsabb m\u00f3don felveszem veled a kapcsolatot! Keress a k\u00f6z\u00f6ss\u00e9gi m\u00e9di\u00e1ban is\" \/>\n<meta property=\"og:url\" content=\"https:\/\/www.bigdaybeauty.hu\/en\/kapcsolat\/\" \/>\n<meta property=\"og:site_name\" content=\"www.bigdaybeauty.hu\" \/>\n<meta property=\"article:publisher\" content=\"https:\/\/www.facebook.com\/bigdaybeautymakeup\" \/>\n<meta property=\"article:modified_time\" content=\"2025-05-27T09:19:36+00:00\" \/>\n<meta property=\"og:image\" content=\"https:\/\/www.bigdaybeauty.hu\/wp-content\/uploads\/2020\/08\/facebook.png\" \/>\n\t<meta property=\"og:image:width\" content=\"1500\" \/>\n\t<meta property=\"og:image:height\" content=\"1500\" \/>\n\t<meta property=\"og:image:type\" content=\"image\/png\" \/>\n<meta name=\"twitter:card\" content=\"summary_large_image\" \/>\n<meta name=\"twitter:label1\" content=\"Estimated reading time\" \/>\n\t<meta name=\"twitter:data1\" content=\"1 minute\" \/>\n<script type=\"application\/ld+json\" class=\"yoast-schema-graph\">{\"@context\":\"https:\\\/\\\/schema.org\",\"@graph\":[{\"@type\":\"WebPage\",\"@id\":\"https:\\\/\\\/www.bigdaybeauty.hu\\\/kapcsolat\\\/\",\"url\":\"https:\\\/\\\/www.bigdaybeauty.hu\\\/kapcsolat\\\/\",\"name\":\"Kapcsolat - www.bigdaybeauty.hu\",\"isPartOf\":{\"@id\":\"https:\\\/\\\/www.bigdaybeauty.hu\\\/#website\"},\"primaryImageOfPage\":{\"@id\":\"https:\\\/\\\/www.bigdaybeauty.hu\\\/kapcsolat\\\/#primaryimage\"},\"image\":{\"@id\":\"https:\\\/\\\/www.bigdaybeauty.hu\\\/kapcsolat\\\/#primaryimage\"},\"thumbnailUrl\":\"https:\\\/\\\/www.bigdaybeauty.hu\\\/wp-content\\\/uploads\\\/2020\\\/08\\\/facebook-1024x1024.png\",\"datePublished\":\"2020-09-02T09:43:23+00:00\",\"dateModified\":\"2025-05-27T09:19:36+00:00\",\"breadcrumb\":{\"@id\":\"https:\\\/\\\/www.bigdaybeauty.hu\\\/kapcsolat\\\/#breadcrumb\"},\"inLanguage\":\"en-GB\",\"potentialAction\":[{\"@type\":\"ReadAction\",\"target\":[\"https:\\\/\\\/www.bigdaybeauty.hu\\\/kapcsolat\\\/\"]}]},{\"@type\":\"ImageObject\",\"inLanguage\":\"en-GB\",\"@id\":\"https:\\\/\\\/www.bigdaybeauty.hu\\\/kapcsolat\\\/#primaryimage\",\"url\":\"https:\\\/\\\/www.bigdaybeauty.hu\\\/wp-content\\\/uploads\\\/2020\\\/08\\\/facebook-1024x1024.png\",\"contentUrl\":\"https:\\\/\\\/www.bigdaybeauty.hu\\\/wp-content\\\/uploads\\\/2020\\\/08\\\/facebook-1024x1024.png\"},{\"@type\":\"BreadcrumbList\",\"@id\":\"https:\\\/\\\/www.bigdaybeauty.hu\\\/kapcsolat\\\/#breadcrumb\",\"itemListElement\":[{\"@type\":\"ListItem\",\"position\":1,\"name\":\"Home\",\"item\":\"https:\\\/\\\/www.bigdaybeauty.hu\\\/\"},{\"@type\":\"ListItem\",\"position\":2,\"name\":\"Kapcsolat\"}]},{\"@type\":\"WebSite\",\"@id\":\"https:\\\/\\\/www.bigdaybeauty.hu\\\/#website\",\"url\":\"https:\\\/\\\/www.bigdaybeauty.hu\\\/\",\"name\":\"www.bigdaybeauty.hu\",\"description\":\"Makeup &amp; hair - Csige Zs\u00f3fia\",\"publisher\":{\"@id\":\"https:\\\/\\\/www.bigdaybeauty.hu\\\/#organization\"},\"potentialAction\":[{\"@type\":\"SearchAction\",\"target\":{\"@type\":\"EntryPoint\",\"urlTemplate\":\"https:\\\/\\\/www.bigdaybeauty.hu\\\/?s={search_term_string}\"},\"query-input\":{\"@type\":\"PropertyValueSpecification\",\"valueRequired\":true,\"valueName\":\"search_term_string\"}}],\"inLanguage\":\"en-GB\"},{\"@type\":\"Organization\",\"@id\":\"https:\\\/\\\/www.bigdaybeauty.hu\\\/#organization\",\"name\":\"Bigdaybeauty\",\"url\":\"https:\\\/\\\/www.bigdaybeauty.hu\\\/\",\"logo\":{\"@type\":\"ImageObject\",\"inLanguage\":\"en-GB\",\"@id\":\"https:\\\/\\\/www.bigdaybeauty.hu\\\/#\\\/schema\\\/logo\\\/image\\\/\",\"url\":\"https:\\\/\\\/www.bigdaybeauty.hu\\\/wp-content\\\/uploads\\\/2020\\\/08\\\/BigdayBeauty-Transparent-1.png\",\"contentUrl\":\"https:\\\/\\\/www.bigdaybeauty.hu\\\/wp-content\\\/uploads\\\/2020\\\/08\\\/BigdayBeauty-Transparent-1.png\",\"width\":2000,\"height\":2000,\"caption\":\"Bigdaybeauty\"},\"image\":{\"@id\":\"https:\\\/\\\/www.bigdaybeauty.hu\\\/#\\\/schema\\\/logo\\\/image\\\/\"},\"sameAs\":[\"https:\\\/\\\/www.facebook.com\\\/bigdaybeautymakeup\",\"https:\\\/\\\/www.instagram.com\\\/bigdaybeautymakeup\\\/\"]}]}<\/script>\n<!-- \/ Yoast SEO Premium plugin. -->","yoast_head_json":{"title":"Kapcsolat - www.bigdaybeauty.hu","robots":{"index":"index","follow":"follow","max-snippet":"max-snippet:-1","max-image-preview":"max-image-preview:large","max-video-preview":"max-video-preview:-1"},"canonical":"https:\/\/www.bigdaybeauty.hu\/en\/kapcsolat\/","og_locale":"en_GB","og_type":"article","og_title":"Kapcsolat","og_description":"Kapcsolat Egyeztess velem id\u0151pontot vagy tedd fel a k\u00e9rd\u00e9seidet! Egyeztess velem id\u0151pontot a +36 20 279 6274 -es sz\u00e1mon, vagy \u00edrj \u00fczenetet az al\u00e1bbi \u0171rlapon kereszt\u00fcl! \u00dczenetk\u00fcld\u00e9s T\u00f6ltsd ki az al\u00e1bbi \u0171rlapot, \u00e9s a lehet\u0151 leggyorsabb m\u00f3don felveszem veled a kapcsolatot! Keress a k\u00f6z\u00f6ss\u00e9gi m\u00e9di\u00e1ban is","og_url":"https:\/\/www.bigdaybeauty.hu\/en\/kapcsolat\/","og_site_name":"www.bigdaybeauty.hu","article_publisher":"https:\/\/www.facebook.com\/bigdaybeautymakeup","article_modified_time":"2025-05-27T09:19:36+00:00","og_image":[{"width":1500,"height":1500,"url":"https:\/\/www.bigdaybeauty.hu\/wp-content\/uploads\/2020\/08\/facebook.png","type":"image\/png"}],"twitter_card":"summary_large_image","twitter_misc":{"Estimated reading time":"1 minute"},"schema":{"@context":"https:\/\/schema.org","@graph":[{"@type":"WebPage","@id":"https:\/\/www.bigdaybeauty.hu\/kapcsolat\/","url":"https:\/\/www.bigdaybeauty.hu\/kapcsolat\/","name":"Kapcsolat - www.bigdaybeauty.hu","isPartOf":{"@id":"https:\/\/www.bigdaybeauty.hu\/#website"},"primaryImageOfPage":{"@id":"https:\/\/www.bigdaybeauty.hu\/kapcsolat\/#primaryimage"},"image":{"@id":"https:\/\/www.bigdaybeauty.hu\/kapcsolat\/#primaryimage"},"thumbnailUrl":"https:\/\/www.bigdaybeauty.hu\/wp-content\/uploads\/2020\/08\/facebook-1024x1024.png","datePublished":"2020-09-02T09:43:23+00:00","dateModified":"2025-05-27T09:19:36+00:00","breadcrumb":{"@id":"https:\/\/www.bigdaybeauty.hu\/kapcsolat\/#breadcrumb"},"inLanguage":"en-GB","potentialAction":[{"@type":"ReadAction","target":["https:\/\/www.bigdaybeauty.hu\/kapcsolat\/"]}]},{"@type":"ImageObject","inLanguage":"en-GB","@id":"https:\/\/www.bigdaybeauty.hu\/kapcsolat\/#primaryimage","url":"https:\/\/www.bigdaybeauty.hu\/wp-content\/uploads\/2020\/08\/facebook-1024x1024.png","contentUrl":"https:\/\/www.bigdaybeauty.hu\/wp-content\/uploads\/2020\/08\/facebook-1024x1024.png"},{"@type":"BreadcrumbList","@id":"https:\/\/www.bigdaybeauty.hu\/kapcsolat\/#breadcrumb","itemListElement":[{"@type":"ListItem","position":1,"name":"Home","item":"https:\/\/www.bigdaybeauty.hu\/"},{"@type":"ListItem","position":2,"name":"Kapcsolat"}]},{"@type":"WebSite","@id":"https:\/\/www.bigdaybeauty.hu\/#website","url":"https:\/\/www.bigdaybeauty.hu\/","name":"www.bigdaybeauty.hu","description":"Makeup &amp; hair - Zs\u00f3fia Csige","publisher":{"@id":"https:\/\/www.bigdaybeauty.hu\/#organization"},"potentialAction":[{"@type":"SearchAction","target":{"@type":"EntryPoint","urlTemplate":"https:\/\/www.bigdaybeauty.hu\/?s={search_term_string}"},"query-input":{"@type":"PropertyValueSpecification","valueRequired":true,"valueName":"search_term_string"}}],"inLanguage":"en-GB"},{"@type":"Organization","@id":"https:\/\/www.bigdaybeauty.hu\/#organization","name":"Bigdaybeauty","url":"https:\/\/www.bigdaybeauty.hu\/","logo":{"@type":"ImageObject","inLanguage":"en-GB","@id":"https:\/\/www.bigdaybeauty.hu\/#\/schema\/logo\/image\/","url":"https:\/\/www.bigdaybeauty.hu\/wp-content\/uploads\/2020\/08\/BigdayBeauty-Transparent-1.png","contentUrl":"https:\/\/www.bigdaybeauty.hu\/wp-content\/uploads\/2020\/08\/BigdayBeauty-Transparent-1.png","width":2000,"height":2000,"caption":"Bigdaybeauty"},"image":{"@id":"https:\/\/www.bigdaybeauty.hu\/#\/schema\/logo\/image\/"},"sameAs":["https:\/\/www.facebook.com\/bigdaybeautymakeup","https:\/\/www.instagram.com\/bigdaybeautymakeup\/"]}]}},"_links":{"self":[{"href":"https:\/\/www.bigdaybeauty.hu\/en\/wp-json\/wp\/v2\/pages\/164","targetHints":{"allow":["GET"]}}],"collection":[{"href":"https:\/\/www.bigdaybeauty.hu\/en\/wp-json\/wp\/v2\/pages"}],"about":[{"href":"https:\/\/www.bigdaybeauty.hu\/en\/wp-json\/wp\/v2\/types\/page"}],"author":[{"embeddable":true,"href":"https:\/\/www.bigdaybeauty.hu\/en\/wp-json\/wp\/v2\/users\/2"}],"replies":[{"embeddable":true,"href":"https:\/\/www.bigdaybeauty.hu\/en\/wp-json\/wp\/v2\/comments?post=164"}],"version-history":[{"count":0,"href":"https:\/\/www.bigdaybeauty.hu\/en\/wp-json\/wp\/v2\/pages\/164\/revisions"}],"wp:attachment":[{"href":"https:\/\/www.bigdaybeauty.hu\/en\/wp-json\/wp\/v2\/media?parent=164"}],"curies":[{"name":"wp","href":"https:\/\/api.w.org\/{rel}","templated":true}]}}